{"id":765,"date":"2021-06-15T09:47:40","date_gmt":"2021-06-15T08:47:40","guid":{"rendered":"https:\/\/www.tpf.es\/dienstleistungen\/unternehmen"},"modified":"2021-06-15T09:47:41","modified_gmt":"2021-06-15T08:47:41","slug":"unternehmen","status":"publish","type":"page","link":"https:\/\/www.tpf.es\/de\/dienstleistungen\/unternehmen","title":{"rendered":"Unternehmen"},"content":{"rendered":"\n[et_pb_section fb_built=&#8220;1&#8243; fullwidth=&#8220;on&#8220; _builder_version=&#8220;4.9.4&#8243; _module_preset=&#8220;default&#8220; background_image=&#8220;https:\/\/www.tpf.es\/wp-content\/uploads\/2021\/04\/servicio-empresas.jpg&#8220; min_height=&#8220;400px&#8220; hover_enabled=&#8220;0&#8243; alt=&#8220;Escuela de Alem\u00e1n &#8211; Servicio a empresas&#8220; title_text=&#8220;Escuela de Alem\u00e1n &#8211; Servicio a empresas&#8220; sticky_enabled=&#8220;0&#8243;][et_pb_fullwidth_image title_text=&#8220;German language (in German) toy block&#8220; _builder_version=&#8220;4.9.4&#8243; _module_preset=&#8220;default&#8220; background_enable_image=&#8220;off&#8220; max_height=&#8220;350px&#8220;][\/et_pb_fullwidth_image][\/et_pb_section][et_pb_section fb_built=&#8220;1&#8243; custom_padding_last_edited=&#8220;on|phone&#8220; admin_label=&#8220;Contact Form Section&#8220; module_id=&#8220;kontakt&#8220; _builder_version=&#8220;4.9.4&#8243; background_color=&#8220;#FFFFFF&#8220; custom_padding=&#8220;110px||110px|&#8220; custom_padding_tablet=&#8220;&#8220; custom_padding_phone=&#8220;80px||80px||true|false&#8220; animation_style=&#8220;zoom&#8220; animation_direction=&#8220;bottom&#8220; animation_intensity_zoom=&#8220;10%&#8220; saved_tabs=&#8220;all&#8220;][et_pb_row admin_label=&#8220;Quote&#8220; _builder_version=&#8220;4.9.4&#8243; background_size=&#8220;initial&#8220; background_position=&#8220;top_left&#8220; background_repeat=&#8220;repeat&#8220; custom_margin=&#8220;||||false|false&#8220;][et_pb_column type=&#8220;4_4&#8243; _builder_version=&#8220;3.25&#8243; custom_padding=&#8220;|||&#8220; custom_padding__hover=&#8220;|||&#8220;][et_pb_text admin_label=&#8220;Title&#8220; _builder_version=&#8220;4.9.4&#8243; text_font=&#8220;Montserrat||||||||&#8220; text_text_color=&#8220;#747d88&#8243; text_font_size=&#8220;16px&#8220; text_line_height=&#8220;1.9em&#8220; header_font=&#8220;||||||||&#8220; header_2_font=&#8220;|700||on|||||&#8220; header_2_font_size=&#8220;42px&#8220; header_2_line_height=&#8220;1.3em&#8220; background_size=&#8220;initial&#8220; background_position=&#8220;top_left&#8220; background_repeat=&#8220;repeat&#8220; text_orientation=&#8220;center&#8220; module_alignment=&#8220;center&#8220; animation_style=&#8220;slide&#8220; animation_direction=&#8220;bottom&#8220; animation_intensity_slide=&#8220;4%&#8220;]<h2><span style=\"color: #000000;\"><span style=\"caret-color: #000000;\">Unternehmens Dienstleistungen<\/span><\/span><\/h2>[\/et_pb_text][\/et_pb_column][\/et_pb_row][et_pb_row column_structure=&#8220;1_4,3_4&#8243; admin_label=&#8220;Quote&#8220; _builder_version=&#8220;4.9.4&#8243; background_size=&#8220;initial&#8220; background_position=&#8220;top_left&#8220; background_repeat=&#8220;repeat&#8220;][et_pb_column type=&#8220;1_4&#8243; _builder_version=&#8220;3.25&#8243; custom_padding=&#8220;|||&#8220; custom_padding__hover=&#8220;|||&#8220;][et_pb_image src=&#8220;https:\/\/www.tpf.es\/wp-content\/uploads\/2021\/04\/office-building.png&#8220; alt=&#8220;Unternehmen&#8220; title_text=&#8220;Unternehmen&#8220; _builder_version=&#8220;4.9.4&#8243; _module_preset=&#8220;default&#8220; width=&#8220;55%&#8220; module_alignment=&#8220;center&#8220;][\/et_pb_image][\/et_pb_column][et_pb_column type=&#8220;3_4&#8243; _builder_version=&#8220;3.25&#8243; custom_padding=&#8220;|||&#8220; custom_padding__hover=&#8220;|||&#8220;][et_pb_text admin_label=&#8220;Quote&#8220; _builder_version=&#8220;4.9.4&#8243; text_text_color=&#8220;#000000&#8243; text_font_size=&#8220;20px&#8220; text_line_height=&#8220;1.8em&#8220; background_size=&#8220;initial&#8220; background_position=&#8220;top_left&#8220; background_repeat=&#8220;repeat&#8220; module_alignment=&#8220;center&#8220; animation_style=&#8220;flip&#8220; animation_direction=&#8220;top&#8220; animation_intensity_flip=&#8220;20%&#8220;]<p>Wir helfen deutschen Unternehmen, Spanier in deutscher Sprache in den<strong> gefragtesten Branchen Deutschlands zu finden und auszubilden<\/strong>: Ingenieure, P\u00e4dagogen, Apotheker, Hotelfachkr\u00e4fte, Pflegeheimassistenten, Maurer, Elektriker, Busfahrer, Lokf\u00fchrer&#8230;<\/p>[\/et_pb_text][\/et_pb_column][\/et_pb_row][et_pb_row _builder_version=&#8220;4.9.4&#8243; _module_preset=&#8220;default&#8220; custom_margin=&#8220;0px||||false|false&#8220; custom_padding=&#8220;0px||||false|false&#8220;][et_pb_column type=&#8220;4_4&#8243; _builder_version=&#8220;4.9.4&#8243; _module_preset=&#8220;default&#8220;][et_pb_text admin_label=&#8220;Quote&#8220; _builder_version=&#8220;4.9.4&#8243; text_text_color=&#8220;#000000&#8243; text_font_size=&#8220;20px&#8220; text_line_height=&#8220;1.8em&#8220; background_size=&#8220;initial&#8220; background_position=&#8220;top_left&#8220; background_repeat=&#8220;repeat&#8220; module_alignment=&#8220;center&#8220; animation_style=&#8220;flip&#8220; animation_direction=&#8220;top&#8220; animation_intensity_flip=&#8220;20%&#8220;]<p>Mit unseren\u00a0superintensiven\u00a0Kursen bringen wir die Sch\u00fcler dazu, in k\u00fcrzester Zeit das erforderliche Deutschniveau zu erreichen.<\/p>\r\n<p>Neben der Ausbildung in deutscher Sprache unterst\u00fctzen wir Unternehmen bei der Vorauswahl von Kandidaten und deren Vermittlung, bis sie die erforderlichen Deutschkenntnisse erwerben und in das Unternehmen eintreten.<\/p>\r\n<p>Wir stellen dem Sch\u00fcler auch eine Liste berufsspezifischer Vokabeln zur Verf\u00fcgung, z. B. spezifische Vokabeln f\u00fcr die Arbeit in Kinderg\u00e4rten, Vokabeln f\u00fcr Apotheker, Krankenschwestern, Hotelbranche usw.<\/p>\r\n<p>Die Unternehmen erhalten regelm\u00e4\u00dfig einen detaillierten Bericht \u00fcber jeden Sch\u00fcler, ihre Fortschritte, die bei den w\u00f6chentlichen Kontrollen erzielten Noten und einen detaillierteren Bericht mit den am Ende eines Levels erzielten Ergebnissen.<\/p>[\/et_pb_text][\/et_pb_column][\/et_pb_row][\/et_pb_section][et_pb_section fb_built=&#8220;1&#8243; custom_padding_last_edited=&#8220;on|phone&#8220; admin_label=&#8220;Contact Form Section&#8220; module_id=&#8220;kontakt&#8220; _builder_version=&#8220;4.9.4&#8243; background_color=&#8220;rgba(0,69,77,0.29)&#8220; custom_padding=&#8220;110px||110px|&#8220; custom_padding_tablet=&#8220;&#8220; custom_padding_phone=&#8220;80px||80px||true|false&#8220; animation_style=&#8220;zoom&#8220; animation_direction=&#8220;bottom&#8220; animation_intensity_zoom=&#8220;10%&#8220; saved_tabs=&#8220;all&#8220;][et_pb_row admin_label=&#8220;Service Section Title&#8220; _builder_version=&#8220;4.9.4&#8243; custom_margin=&#8220;|auto|0px|auto|false|false&#8220; custom_padding=&#8220;||0px||false|false&#8220; animation_style=&#8220;fade&#8220; animation_direction=&#8220;top&#8220; locked=&#8220;off&#8220;][et_pb_column type=&#8220;4_4&#8243; _builder_version=&#8220;3.25&#8243; custom_padding=&#8220;|||&#8220; custom_padding__hover=&#8220;|||&#8220;][et_pb_text admin_label=&#8220;Title&#8220; _builder_version=&#8220;4.9.4&#8243; text_font=&#8220;Montserrat||||||||&#8220; text_text_color=&#8220;#747d88&#8243; text_font_size=&#8220;16px&#8220; text_line_height=&#8220;1.9em&#8220; header_font=&#8220;||||||||&#8220; header_2_font=&#8220;|700||on|||||&#8220; header_2_font_size=&#8220;42px&#8220; header_2_line_height=&#8220;1.3em&#8220; background_size=&#8220;initial&#8220; background_position=&#8220;top_left&#8220; background_repeat=&#8220;repeat&#8220; text_orientation=&#8220;center&#8220; max_width=&#8220;800px&#8220; module_alignment=&#8220;center&#8220; custom_margin=&#8220;||1px|||&#8220; animation_style=&#8220;slide&#8220; animation_direction=&#8220;bottom&#8220; animation_intensity_slide=&#8220;4%&#8220; header_2_font_size_tablet=&#8220;&#8220; header_2_font_size_phone=&#8220;28px&#8220; header_2_font_size_last_edited=&#8220;on|phone&#8220;]<h2>WIR K\u00d6NNEN DIR HELFEN?\r\n<span style=\"color: #fff;\">IN KONTAKT KOMMEN<\/span><\/h2>[\/et_pb_text][\/et_pb_column][\/et_pb_row][et_pb_row column_structure=&#8220;1_2,1_2&#8243; _builder_version=&#8220;4.9.4&#8243; _module_preset=&#8220;default&#8220; max_width=&#8220;500px&#8220; module_alignment=&#8220;center&#8220;][et_pb_column type=&#8220;1_2&#8243; _builder_version=&#8220;4.9.4&#8243; _module_preset=&#8220;default&#8220;][et_pb_blurb title=&#8220;Email&#8220; use_icon=&#8220;on&#8220; font_icon=&#8220;%%238%%&#8220; use_circle=&#8220;on&#8220; circle_color=&#8220;RGBA(0,0,0,0)&#8220; use_circle_border=&#8220;on&#8220; icon_placement=&#8220;left&#8220; _builder_version=&#8220;4.9.4&#8243; _module_preset=&#8220;default&#8220; header_text_color=&#8220;#000000&#8243; header_font_size=&#8220;20px&#8220; body_text_color=&#8220;#1D1D1B&#8220; body_font_size=&#8220;16px&#8220;]<p>info@tpf.es<\/p>[\/et_pb_blurb][\/et_pb_column][et_pb_column type=&#8220;1_2&#8243; _builder_version=&#8220;4.9.4&#8243; _module_preset=&#8220;default&#8220;][et_pb_blurb title=&#8220;Telefon&#8220; use_icon=&#8220;on&#8220; font_icon=&#8220;%%264%%&#8220; use_circle=&#8220;on&#8220; circle_color=&#8220;RGBA(0,0,0,0)&#8220; use_circle_border=&#8220;on&#8220; icon_placement=&#8220;left&#8220; _builder_version=&#8220;4.9.4&#8243; _module_preset=&#8220;default&#8220; header_text_color=&#8220;#000000&#8243; header_font_size=&#8220;20px&#8220; body_text_color=&#8220;#1D1D1B&#8220; body_font_size=&#8220;16px&#8220;]<p>+34 620 968 962<\/p>[\/et_pb_blurb][\/et_pb_column][\/et_pb_row][et_pb_row admin_label=&#8220;Contact Form&#8220; _builder_version=&#8220;4.9.4&#8243; custom_padding=&#8220;25px||||false|false&#8220; animation_style=&#8220;fade&#8220;][et_pb_column type=&#8220;4_4&#8243; _builder_version=&#8220;3.25&#8243; custom_padding=&#8220;|||&#8220; custom_padding__hover=&#8220;|||&#8220;][et_pb_contact_form captcha=&#8220;off&#8220; email=&#8220;info@tpf.es&#8220; title=&#8220;Formulario de contacto&#8220; custom_message=&#8220;Formulario de contacto: Servicio &#8211; Alumnos||et_pb_line_break_holder||||et_pb_line_break_holder||Nombre: %%nombre%%||et_pb_line_break_holder||Email: %%email%%||et_pb_line_break_holder||||et_pb_line_break_holder||Mensaje:||et_pb_line_break_holder||%%mensaje%%||et_pb_line_break_holder||||et_pb_line_break_holder||Aceptaci\u00f3n: %%PoliticaPrivacidad%% Pol\u00edtica de Privacidad&#8220; success_message=&#8220;Muchas gracias por contactarnos. Pronto nos pondremos en contacto contigo para dar respuesta a tu consulta.&#8220; submit_button_text=&#8220;senden&#8220; module_id=&#8220;et_pb_contact_form_0&#8243; _builder_version=&#8220;4.9.4&#8243; form_field_background_color=&#8220;#FFFFFF&#8220; form_field_text_color=&#8220;#353740&#8243; form_field_custom_margin=&#8220;||15px||false|false&#8220; title_font=&#8220;||||||||&#8220; title_text_align=&#8220;center&#8220; title_font_size=&#8220;22px&#8220; title_line_height=&#8220;1.2em&#8220; form_field_font=&#8220;||||||||&#8220; form_field_font_size=&#8220;16px&#8220; custom_button=&#8220;on&#8220; button_text_color=&#8220;#ffffff&#8220; button_border_width=&#8220;5px&#8220; button_border_color=&#8220;#ffffff&#8220; button_border_radius=&#8220;100px&#8220; button_letter_spacing=&#8220;2px&#8220; button_font=&#8220;|700||on|||||&#8220; button_icon=&#8220;%%36%%&#8220; button_icon_color=&#8220;#ffffff&#8220; max_width=&#8220;800px&#8220; module_alignment=&#8220;center&#8220; custom_margin=&#8220;||10px|||&#8220; animation_style=&#8220;fade&#8220; box_shadow_style=&#8220;preset7&#8243; box_shadow_horizontal=&#8220;0px&#8220; box_shadow_vertical=&#8220;-1px&#8220; box_shadow_color=&#8220;rgba(0,0,0,0.18)&#8220; form_background_color=&#8220;rgba(255,255,255,0)&#8220; button_text_color_hover=&#8220;#ffffff&#8220; button_bg_color_hover=&#8220;rgba(0,0,0,0)&#8220; button_border_color_hover=&#8220;#ffffff&#8220; button_letter_spacing_hover=&#8220;2px&#8220;][et_pb_contact_field field_id=&#8220;Nombre&#8220; field_title=&#8220;* Name&#8220; fullwidth_field=&#8220;on&#8220; _builder_version=&#8220;4.9.4&#8243; button_text_size__hover_enabled=&#8220;off&#8220; button_one_text_size__hover_enabled=&#8220;off&#8220; button_two_text_size__hover_enabled=&#8220;off&#8220; button_text_color__hover_enabled=&#8220;off&#8220; button_one_text_color__hover_enabled=&#8220;off&#8220; button_two_text_color__hover_enabled=&#8220;off&#8220; button_border_width__hover_enabled=&#8220;off&#8220; button_one_border_width__hover_enabled=&#8220;off&#8220; button_two_border_width__hover_enabled=&#8220;off&#8220; button_border_color__hover_enabled=&#8220;off&#8220; button_one_border_color__hover_enabled=&#8220;off&#8220; button_two_border_color__hover_enabled=&#8220;off&#8220; button_border_radius__hover_enabled=&#8220;off&#8220; button_one_border_radius__hover_enabled=&#8220;off&#8220; button_two_border_radius__hover_enabled=&#8220;off&#8220; button_letter_spacing__hover_enabled=&#8220;off&#8220; button_one_letter_spacing__hover_enabled=&#8220;off&#8220; button_two_letter_spacing__hover_enabled=&#8220;off&#8220; button_bg_color__hover_enabled=&#8220;off&#8220; button_one_bg_color__hover_enabled=&#8220;off&#8220; button_two_bg_color__hover_enabled=&#8220;off&#8220;][\/et_pb_contact_field][et_pb_contact_field field_id=&#8220;Email&#8220; field_title=&#8220;* Email&#8220; field_type=&#8220;email&#8220; fullwidth_field=&#8220;on&#8220; _builder_version=&#8220;4.9.4&#8243; button_text_size__hover_enabled=&#8220;off&#8220; button_one_text_size__hover_enabled=&#8220;off&#8220; button_two_text_size__hover_enabled=&#8220;off&#8220; button_text_color__hover_enabled=&#8220;off&#8220; button_one_text_color__hover_enabled=&#8220;off&#8220; button_two_text_color__hover_enabled=&#8220;off&#8220; button_border_width__hover_enabled=&#8220;off&#8220; button_one_border_width__hover_enabled=&#8220;off&#8220; button_two_border_width__hover_enabled=&#8220;off&#8220; button_border_color__hover_enabled=&#8220;off&#8220; button_one_border_color__hover_enabled=&#8220;off&#8220; button_two_border_color__hover_enabled=&#8220;off&#8220; button_border_radius__hover_enabled=&#8220;off&#8220; button_one_border_radius__hover_enabled=&#8220;off&#8220; button_two_border_radius__hover_enabled=&#8220;off&#8220; button_letter_spacing__hover_enabled=&#8220;off&#8220; button_one_letter_spacing__hover_enabled=&#8220;off&#8220; button_two_letter_spacing__hover_enabled=&#8220;off&#8220; button_bg_color__hover_enabled=&#8220;off&#8220; button_one_bg_color__hover_enabled=&#8220;off&#8220; button_two_bg_color__hover_enabled=&#8220;off&#8220;][\/et_pb_contact_field][et_pb_contact_field field_id=&#8220;Mensaje&#8220; field_title=&#8220;* Nachricht hinterlassen&#8220; field_type=&#8220;text&#8220; fullwidth_field=&#8220;on&#8220; _builder_version=&#8220;4.9.4&#8243; custom_margin=&#8220;||60px|&#8220; custom_padding=&#8220;|||&#8220; button_text_size__hover_enabled=&#8220;off&#8220; button_one_text_size__hover_enabled=&#8220;off&#8220; button_two_text_size__hover_enabled=&#8220;off&#8220; button_text_color__hover_enabled=&#8220;off&#8220; button_one_text_color__hover_enabled=&#8220;off&#8220; button_two_text_color__hover_enabled=&#8220;off&#8220; button_border_width__hover_enabled=&#8220;off&#8220; button_one_border_width__hover_enabled=&#8220;off&#8220; button_two_border_width__hover_enabled=&#8220;off&#8220; button_border_color__hover_enabled=&#8220;off&#8220; button_one_border_color__hover_enabled=&#8220;off&#8220; button_two_border_color__hover_enabled=&#8220;off&#8220; button_border_radius__hover_enabled=&#8220;off&#8220; button_one_border_radius__hover_enabled=&#8220;off&#8220; button_two_border_radius__hover_enabled=&#8220;off&#8220; button_letter_spacing__hover_enabled=&#8220;off&#8220; button_one_letter_spacing__hover_enabled=&#8220;off&#8220; button_two_letter_spacing__hover_enabled=&#8220;off&#8220; button_bg_color__hover_enabled=&#8220;off&#8220; button_one_bg_color__hover_enabled=&#8220;off&#8220; button_two_bg_color__hover_enabled=&#8220;off&#8220;][\/et_pb_contact_field][et_pb_contact_field field_id=&#8220;PoliticaPrivacidad&#8220; field_title=&#8220;RGPD&#8220; field_type=&#8220;checkbox&#8220; checkbox_options=&#8220;%91{%22value%22:%22* Ich habe die %22,%22checked%22:0,%22dragID%22:-1,%22link_url%22:%22https:\\\/\\\/www.tpf.es\\\/politica-de-privacidad\\\/%22,%22link_text%22:%22Datenschutzbestimmungen gelesen und akzeptiere sie%22}%93&#8243; fullwidth_field=&#8220;on&#8220; _builder_version=&#8220;4.9.4&#8243; _module_preset=&#8220;default&#8220; custom_margin=&#8220;-50px||||false|false&#8220;][\/et_pb_contact_field][\/et_pb_contact_form][et_pb_text _builder_version=&#8220;4.9.4&#8243; _module_preset=&#8220;default&#8220; text_text_color=&#8220;#353740&#8243; max_width=&#8220;800px&#8220; module_alignment=&#8220;center&#8220; custom_margin=&#8220;||10px||false|false&#8220;]<p>(*) Ben\u00f6tigte Felder<\/p>[\/et_pb_text][et_pb_toggle title=&#8220;Grundlegende Informationen zum Datenschutz&#8220; open_toggle_text_color=&#8220;#353740&#8243; icon_color=&#8220;#00454D&#8220; use_icon_font_size=&#8220;on&#8220; icon_font_size=&#8220;24px&#8220; _builder_version=&#8220;4.9.4&#8243; _module_preset=&#8220;default&#8220; title_text_color=&#8220;#353740&#8243; title_font=&#8220;Libre Franklin||||||||&#8220; title_line_height=&#8220;1.4em&#8220; max_width=&#8220;800px&#8220; module_alignment=&#8220;center&#8220;]<div><span lang=\"ES\">Sus datos ser\u00e1n tratados por\u00a0<\/span><span lang=\"ES\">TU PASAPORTE AL FUTURO,<span>\u00a0 <\/span>S.L.<span>\u00a0<\/span><\/span>como Responsable de Tratamiento con la finalidad de responder a su solicitud y para hacerle llegar v\u00eda e-mail informaci\u00f3n peri\u00f3dica sobre nuestros cursos de idiomas y servicios, si nos ha dado su consentimiento. Podr\u00e1 ejercer los derechos de acceso, rectificaci\u00f3n, cancelaci\u00f3n, oposici\u00f3n y en su caso de portabilidad y limitaci\u00f3n a trav\u00e9s del e-mail:\u00a0<span lang=\"ES\"><a href=\"mailto:info@tpf.es\"><span>info@tpf.es<\/span><\/a><span>.\r\n<\/span>Para m\u00e1s informaci\u00f3n visite nuestra <a href=\"https:\/\/www.tpf.es\/politica-de-privacidad\"><strong>Politica de Privacidad<\/strong><\/a>.<\/span><\/div>\r\n<div><\/div>[\/et_pb_toggle][\/et_pb_column][\/et_pb_row][\/et_pb_section]\n","protected":false},"excerpt":{"rendered":"<p>Unternehmens DienstleistungenWir helfen deutschen Unternehmen, Spanier in deutscher Sprache in den gefragtesten Branchen Deutschlands zu finden und auszubilden: Ingenieure, P\u00e4dagogen, Apotheker, Hotelfachkr\u00e4fte, Pflegeheimassistenten, Maurer, Elektriker, Busfahrer, Lokf\u00fchrer&#8230;Mit unseren\u00a0superintensiven\u00a0Kursen bringen wir die Sch\u00fcler dazu, in k\u00fcrzester Zeit das erforderliche Deutschniveau zu erreichen. Neben der Ausbildung in deutscher Sprache unterst\u00fctzen wir Unternehmen bei der Vorauswahl von Kandidaten [&hellip;]<\/p>\n","protected":false},"author":2,"featured_media":747,"parent":763,"menu_order":0,"comment_status":"closed","ping_status":"closed","template":"","meta":{"_bbp_topic_count":0,"_bbp_reply_count":0,"_bbp_total_topic_count":0,"_bbp_total_reply_count":0,"_bbp_voice_count":0,"_bbp_anonymous_reply_count":0,"_bbp_topic_count_hidden":0,"_bbp_reply_count_hidden":0,"_bbp_forum_subforum_count":0,"_et_pb_use_builder":"on","_et_pb_old_content":"","_et_gb_content_width":""},"_links":{"self":[{"href":"https:\/\/www.tpf.es\/de\/wp-json\/wp\/v2\/pages\/765"}],"collection":[{"href":"https:\/\/www.tpf.es\/de\/wp-json\/wp\/v2\/pages"}],"about":[{"href":"https:\/\/www.tpf.es\/de\/wp-json\/wp\/v2\/types\/page"}],"author":[{"embeddable":true,"href":"https:\/\/www.tpf.es\/de\/wp-json\/wp\/v2\/users\/2"}],"replies":[{"embeddable":true,"href":"https:\/\/www.tpf.es\/de\/wp-json\/wp\/v2\/comments?post=765"}],"version-history":[{"count":1,"href":"https:\/\/www.tpf.es\/de\/wp-json\/wp\/v2\/pages\/765\/revisions"}],"predecessor-version":[{"id":766,"href":"https:\/\/www.tpf.es\/de\/wp-json\/wp\/v2\/pages\/765\/revisions\/766"}],"up":[{"embeddable":true,"href":"https:\/\/www.tpf.es\/de\/wp-json\/wp\/v2\/pages\/763"}],"wp:featuredmedia":[{"embeddable":true,"href":"https:\/\/www.tpf.es\/de\/wp-json\/wp\/v2\/media\/747"}],"wp:attachment":[{"href":"https:\/\/www.tpf.es\/de\/wp-json\/wp\/v2\/media?parent=765"}],"curies":[{"name":"wp","href":"https:\/\/api.w.org\/{rel}","templated":true}]}}