{"id":816,"date":"2021-06-16T10:56:08","date_gmt":"2021-06-16T09:56:08","guid":{"rendered":"https:\/\/www.tpf.es\/arbeite-mit-uns"},"modified":"2021-06-16T10:57:11","modified_gmt":"2021-06-16T09:57:11","slug":"arbeite-mit-uns","status":"publish","type":"page","link":"https:\/\/www.tpf.es\/de\/arbeite-mit-uns","title":{"rendered":"Arbeite mit uns"},"content":{"rendered":"\n[et_pb_section fb_built=&#8220;1&#8243; fullwidth=&#8220;on&#8220; _builder_version=&#8220;4.9.4&#8243; _module_preset=&#8220;default&#8220; background_image=&#8220;https:\/\/www.tpf.es\/wp-content\/uploads\/2021\/04\/trabaja-con-nosotros-tpf-2.jpg&#8220; min_height=&#8220;400px&#8220;][et_pb_fullwidth_header title=&#8220;ARBEITE MIT UNS&#8220; _builder_version=&#8220;4.9.4&#8243; _module_preset=&#8220;default&#8220; title_font=&#8220;|700|||||||&#8220; title_font_size=&#8220;48px&#8220; title_line_height=&#8220;1.2em&#8220; background_enable_color=&#8220;off&#8220; custom_margin=&#8220;||||false|false&#8220; custom_padding=&#8220;160px||||false|false&#8220; custom_padding_tablet=&#8220;&#8220; custom_padding_phone=&#8220;50px||||false|false&#8220; custom_padding_last_edited=&#8220;on|phone&#8220; title_font_size_tablet=&#8220;&#8220; title_font_size_phone=&#8220;38px&#8220; title_font_size_last_edited=&#8220;on|phone&#8220; title_text_shadow_style=&#8220;preset1&#8243;][\/et_pb_fullwidth_header][\/et_pb_section][et_pb_section fb_built=&#8220;1&#8243; admin_label=&#8220;Service Section&#8220; _builder_version=&#8220;3.22&#8243; custom_margin=&#8220;|||&#8220; custom_padding=&#8220;100px||110px|||&#8220;][et_pb_row column_structure=&#8220;1_4,3_4&#8243; admin_label=&#8220;Quote&#8220; _builder_version=&#8220;4.9.4&#8243; background_size=&#8220;initial&#8220; background_position=&#8220;top_left&#8220; background_repeat=&#8220;repeat&#8220;][et_pb_column type=&#8220;1_4&#8243; _builder_version=&#8220;3.25&#8243; custom_padding=&#8220;|||&#8220; custom_padding__hover=&#8220;|||&#8220;][et_pb_image src=&#8220;https:\/\/www.tpf.es\/wp-content\/uploads\/2021\/04\/001-education.png&#8220; alt=&#8220;Profesores de alem\u00e1n&#8220; title_text=&#8220;Profesores de alem\u00e1n&#8220; _builder_version=&#8220;4.9.4&#8243; _module_preset=&#8220;default&#8220; width_tablet=&#8220;&#8220; width_phone=&#8220;40%&#8220; width_last_edited=&#8220;on|phone&#8220; module_alignment=&#8220;center&#8220;][\/et_pb_image][\/et_pb_column][et_pb_column type=&#8220;3_4&#8243; _builder_version=&#8220;3.25&#8243; custom_padding=&#8220;|||&#8220; custom_padding__hover=&#8220;|||&#8220;][et_pb_text admin_label=&#8220;Title&#8220; _builder_version=&#8220;4.9.4&#8243; text_font=&#8220;Montserrat||||||||&#8220; text_text_color=&#8220;#747d88&#8243; text_font_size=&#8220;16px&#8220; text_line_height=&#8220;1.9em&#8220; header_font=&#8220;||||||||&#8220; header_2_font=&#8220;|700||on|||||&#8220; header_2_text_align=&#8220;left&#8220; header_2_font_size=&#8220;42px&#8220; header_2_line_height=&#8220;1.3em&#8220; background_size=&#8220;initial&#8220; background_position=&#8220;top_left&#8220; background_repeat=&#8220;repeat&#8220; text_orientation=&#8220;center&#8220; module_alignment=&#8220;center&#8220; custom_margin=&#8220;||15px|||&#8220; animation_style=&#8220;slide&#8220; animation_direction=&#8220;bottom&#8220; animation_intensity_slide=&#8220;4%&#8220; header_2_font_size_tablet=&#8220;&#8220; header_2_font_size_phone=&#8220;34px&#8220; header_2_font_size_last_edited=&#8220;on|phone&#8220;]<h2>PROFESORES DE ALEM\u00c1N<\/h2>[\/et_pb_text][et_pb_text admin_label=&#8220;Quote&#8220; _builder_version=&#8220;4.9.4&#8243; text_text_color=&#8220;#747d88&#8243; text_font_size=&#8220;20px&#8220; text_line_height=&#8220;1.8em&#8220; background_size=&#8220;initial&#8220; background_position=&#8220;top_left&#8220; background_repeat=&#8220;repeat&#8220; module_alignment=&#8220;center&#8220; animation_style=&#8220;flip&#8220; animation_direction=&#8220;top&#8220; animation_intensity_flip=&#8220;20%&#8220;]<p><span>Si eres un buen profesor de alem\u00e1n, te ilusiona la ense\u00f1anza y quieres ayudar a que nuestros alumnos puedan hacer realidad sus sue\u00f1os de aprender un idioma que sea su pasaporte al futuro, d\u00e9janos tu CV y nos pondremos en contacto contigo.<\/span><\/p>[\/et_pb_text][et_pb_button button_url=&#8220;https:\/\/www.tpf.es\/de\/arbeite-mit-uns#contacto&#8220; button_text=&#8220;ENVIAR CV&#8220; button_alignment=&#8220;left&#8220; _builder_version=&#8220;4.9.4&#8243; custom_button=&#8220;on&#8220; button_text_color=&#8220;#00454D&#8220; button_border_width=&#8220;4px&#8220; button_border_color=&#8220;#00454D&#8220; button_border_radius=&#8220;100px&#8220; button_letter_spacing=&#8220;2px&#8220; button_font=&#8220;|700||on|||||&#8220; button_icon=&#8220;%%36%%&#8220; button_icon_color=&#8220;#00454D&#8220; animation_style=&#8220;flip&#8220; animation_direction=&#8220;right&#8220; animation_intensity_flip=&#8220;20%&#8220; button_text_color_hover=&#8220;#747d88&#8243; button_border_color_hover=&#8220;#747d88&#8243; button_letter_spacing_hover=&#8220;2px&#8220; button_bg_color_hover=&#8220;rgba(0,0,0,0)&#8220; button_text_size__hover_enabled=&#8220;off&#8220; button_one_text_size__hover_enabled=&#8220;off&#8220; button_two_text_size__hover_enabled=&#8220;off&#8220; button_text_color__hover_enabled=&#8220;on|hover&#8220; button_text_color__hover=&#8220;#00454D&#8220; button_one_text_color__hover_enabled=&#8220;off&#8220; button_two_text_color__hover_enabled=&#8220;off&#8220; button_border_width__hover_enabled=&#8220;off&#8220; button_one_border_width__hover_enabled=&#8220;off&#8220; button_two_border_width__hover_enabled=&#8220;off&#8220; button_border_color__hover_enabled=&#8220;on&#8220; button_border_color__hover=&#8220;#00454D&#8220; button_one_border_color__hover_enabled=&#8220;off&#8220; button_two_border_color__hover_enabled=&#8220;off&#8220; button_border_radius__hover_enabled=&#8220;off&#8220; button_one_border_radius__hover_enabled=&#8220;off&#8220; button_two_border_radius__hover_enabled=&#8220;off&#8220; button_letter_spacing__hover_enabled=&#8220;on&#8220; button_letter_spacing__hover=&#8220;2px&#8220; button_one_letter_spacing__hover_enabled=&#8220;off&#8220; button_two_letter_spacing__hover_enabled=&#8220;off&#8220; button_bg_color__hover_enabled=&#8220;on&#8220; button_bg_color__hover=&#8220;rgba(0,0,0,0)&#8220; button_one_bg_color__hover_enabled=&#8220;off&#8220; button_two_bg_color__hover_enabled=&#8220;off&#8220; button_bg_enable_color__hover=&#8220;on&#8220; button_icon_color__hover_enabled=&#8220;on|desktop&#8220; button_icon_color__hover=&#8220;#00454D&#8220;][\/et_pb_button][\/et_pb_column][\/et_pb_row][\/et_pb_section][et_pb_section fb_built=&#8220;1&#8243; admin_label=&#8220;Service Section&#8220; _builder_version=&#8220;4.9.4&#8243; background_color=&#8220;rgba(0,69,77,0.11)&#8220; custom_margin=&#8220;|||&#8220; custom_padding=&#8220;100px||110px|||&#8220;][et_pb_row column_structure=&#8220;1_4,3_4&#8243; admin_label=&#8220;Quote&#8220; _builder_version=&#8220;4.9.4&#8243; background_size=&#8220;initial&#8220; background_position=&#8220;top_left&#8220; background_repeat=&#8220;repeat&#8220;][et_pb_column type=&#8220;1_4&#8243; _builder_version=&#8220;3.25&#8243; custom_padding=&#8220;|||&#8220; custom_padding__hover=&#8220;|||&#8220;][et_pb_image src=&#8220;https:\/\/www.tpf.es\/wp-content\/uploads\/2021\/04\/demandante-de-empleo.png&#8220; alt=&#8220;Personas en b\u00fasqueda de empleo en Alemania&#8220; title_text=&#8220;Personas en b\u00fasqueda de empleo en Alemania&#8220; _builder_version=&#8220;4.9.4&#8243; _module_preset=&#8220;default&#8220; width_tablet=&#8220;&#8220; width_phone=&#8220;40%&#8220; width_last_edited=&#8220;on|phone&#8220; module_alignment=&#8220;center&#8220;][\/et_pb_image][\/et_pb_column][et_pb_column type=&#8220;3_4&#8243; _builder_version=&#8220;3.25&#8243; custom_padding=&#8220;|||&#8220; custom_padding__hover=&#8220;|||&#8220;][et_pb_text admin_label=&#8220;Title&#8220; _builder_version=&#8220;4.9.4&#8243; text_font=&#8220;Montserrat||||||||&#8220; text_text_color=&#8220;#747d88&#8243; text_font_size=&#8220;16px&#8220; text_line_height=&#8220;1.9em&#8220; header_font=&#8220;||||||||&#8220; header_2_font=&#8220;|700||on|||||&#8220; header_2_text_align=&#8220;left&#8220; header_2_font_size=&#8220;42px&#8220; header_2_line_height=&#8220;1.3em&#8220; background_size=&#8220;initial&#8220; background_position=&#8220;top_left&#8220; background_repeat=&#8220;repeat&#8220; text_orientation=&#8220;center&#8220; module_alignment=&#8220;center&#8220; custom_margin=&#8220;||15px|||&#8220; animation_style=&#8220;slide&#8220; animation_direction=&#8220;bottom&#8220; animation_intensity_slide=&#8220;4%&#8220; header_2_font_size_tablet=&#8220;&#8220; header_2_font_size_phone=&#8220;34px&#8220; header_2_font_size_last_edited=&#8220;on|phone&#8220;]<h2>Personas en b\u00fasqueda de empleo en Alemania<\/h2>[\/et_pb_text][et_pb_text admin_label=&#8220;Quote&#8220; _builder_version=&#8220;4.9.4&#8243; text_text_color=&#8220;#000000&#8243; text_font_size=&#8220;20px&#8220; text_line_height=&#8220;1.8em&#8220; background_size=&#8220;initial&#8220; background_position=&#8220;top_left&#8220; background_repeat=&#8220;repeat&#8220; module_alignment=&#8220;center&#8220; animation_style=&#8220;flip&#8220; animation_direction=&#8220;top&#8220; animation_intensity_flip=&#8220;20%&#8220;]<p><span>Si est\u00e1s pensando en la opci\u00f3n de encontrar un trabajo en Alemania en alguno de los sectores m\u00e1s demandados como:<\/span><\/p>[\/et_pb_text][\/et_pb_column][\/et_pb_row][et_pb_row column_structure=&#8220;1_3,1_3,1_3&#8243; _builder_version=&#8220;4.9.4&#8243; _module_preset=&#8220;default&#8220;][et_pb_column type=&#8220;1_3&#8243; _builder_version=&#8220;4.9.4&#8243; _module_preset=&#8220;default&#8220;][et_pb_text ul_type=&#8220;none&#8220; _builder_version=&#8220;4.9.4&#8243; _module_preset=&#8220;default&#8220; ul_text_color=&#8220;#000000&#8243; ul_font_size=&#8220;16px&#8220;]<ul>\r\n<li><span>&#8211; Ingenieros (casi todas las especialidades, civiles, teleco, industriales, inform\u00e1tica\u2026)<\/span><\/li>\r\n<li><span>&#8211; Atenci\u00f3n sanitaria<\/span><\/li>\r\n<li><span>&#8211; Biomedicina Biolog\u00eda<\/span><\/li>\r\n<li><span>&#8211; Ingenier\u00eda qu\u00edmica<\/span><\/li>\r\n<\/ul>[\/et_pb_text][\/et_pb_column][et_pb_column type=&#8220;1_3&#8243; _builder_version=&#8220;4.9.4&#8243; _module_preset=&#8220;default&#8220;][et_pb_text ul_type=&#8220;none&#8220; _builder_version=&#8220;4.9.4&#8243; _module_preset=&#8220;default&#8220; ul_text_color=&#8220;#000000&#8243; ul_font_size=&#8220;16px&#8220;]<ul>\r\n<li><span>&#8211; An\u00e1lisis de datos<\/span><\/li>\r\n<li><span>&#8211; Farmac\u00e9uticos<\/span><\/li>\r\n<li><span>&#8211; Alba\u00f1iles<\/span><\/li>\r\n<li><span>&#8211; Montadores de cocina<\/span><\/li>\r\n<li><span>&#8211; Educadores infantiles<\/span><\/li>\r\n<li><\/li>\r\n<\/ul>[\/et_pb_text][\/et_pb_column][et_pb_column type=&#8220;1_3&#8243; _builder_version=&#8220;4.9.4&#8243; _module_preset=&#8220;default&#8220;][et_pb_text ul_type=&#8220;none&#8220; _builder_version=&#8220;4.9.4&#8243; _module_preset=&#8220;default&#8220; ul_text_color=&#8220;#000000&#8243; ul_font_size=&#8220;16px&#8220;]<ul>\r\n<li><span>&#8211; Frigoristas<\/span><\/li>\r\n<li><span>&#8211; Conductores de locomotoras y autob\u00fas<\/span><\/li>\r\n<li><span>&#8211; Camioneros<\/span><\/li>\r\n<li><span>&#8211; Mensajeros<\/span><\/li>\r\n<li><span>&#8211; Electricistas<\/span><\/li>\r\n<\/ul>[\/et_pb_text][\/et_pb_column][\/et_pb_row][et_pb_row column_structure=&#8220;3_4,1_4&#8243; _builder_version=&#8220;4.9.4&#8243; _module_preset=&#8220;default&#8220; background_color=&#8220;#00454D&#8220; custom_padding=&#8220;30px|30px|30px|30px|true|true&#8220; border_radii=&#8220;on|40px|40px|40px|40px&#8220;][et_pb_column type=&#8220;3_4&#8243; _builder_version=&#8220;4.9.4&#8243; _module_preset=&#8220;default&#8220;][et_pb_text admin_label=&#8220;Quote&#8220; _builder_version=&#8220;4.9.4&#8243; text_text_color=&#8220;#FFFFFF&#8220; text_font_size=&#8220;20px&#8220; text_line_height=&#8220;1.8em&#8220; background_size=&#8220;initial&#8220; background_position=&#8220;top_left&#8220; background_repeat=&#8220;repeat&#8220; module_alignment=&#8220;center&#8220; animation_style=&#8220;flip&#8220; animation_direction=&#8220;top&#8220; animation_intensity_flip=&#8220;20%&#8220;]<p><span>Si vas a necesitar formaci\u00f3n en alem\u00e1n d\u00e9janos tu CV y te ayudamos a contactar con las empresas que est\u00e1n buscando gente como t\u00fa.<\/span><\/p>[\/et_pb_text][\/et_pb_column][et_pb_column type=&#8220;1_4&#8243; _builder_version=&#8220;4.9.4&#8243; _module_preset=&#8220;default&#8220;][et_pb_button button_url=&#8220;https:\/\/www.tpf.es\/de\/arbeite-mit-uns#contacto&#8220; button_text=&#8220;ENVIAR CV&#8220; button_alignment=&#8220;center&#8220; _builder_version=&#8220;4.9.4&#8243; custom_button=&#8220;on&#8220; button_text_color=&#8220;#FFFFFF&#8220; button_border_width=&#8220;4px&#8220; button_border_color=&#8220;#FFFFFF&#8220; button_border_radius=&#8220;100px&#8220; button_letter_spacing=&#8220;2px&#8220; button_font=&#8220;|700||on|||||&#8220; button_icon=&#8220;%%36%%&#8220; button_icon_color=&#8220;#FFFFFF&#8220; custom_margin=&#8220;5px||||false|false&#8220; animation_style=&#8220;flip&#8220; animation_direction=&#8220;right&#8220; animation_intensity_flip=&#8220;20%&#8220; button_text_color_hover=&#8220;#747d88&#8243; button_border_color_hover=&#8220;#747d88&#8243; button_letter_spacing_hover=&#8220;2px&#8220; button_bg_color_hover=&#8220;rgba(0,0,0,0)&#8220; button_text_size__hover_enabled=&#8220;off&#8220; button_one_text_size__hover_enabled=&#8220;off&#8220; button_two_text_size__hover_enabled=&#8220;off&#8220; button_text_color__hover_enabled=&#8220;off|desktop&#8220; button_text_color__hover=&#8220;#00454D&#8220; button_one_text_color__hover_enabled=&#8220;off&#8220; button_two_text_color__hover_enabled=&#8220;off&#8220; button_border_width__hover_enabled=&#8220;off&#8220; button_one_border_width__hover_enabled=&#8220;off&#8220; button_two_border_width__hover_enabled=&#8220;off&#8220; button_border_color__hover_enabled=&#8220;off|desktop&#8220; button_border_color__hover=&#8220;#00454D&#8220; button_one_border_color__hover_enabled=&#8220;off&#8220; button_two_border_color__hover_enabled=&#8220;off&#8220; button_border_radius__hover_enabled=&#8220;off&#8220; button_one_border_radius__hover_enabled=&#8220;off&#8220; button_two_border_radius__hover_enabled=&#8220;off&#8220; button_letter_spacing__hover_enabled=&#8220;on&#8220; button_letter_spacing__hover=&#8220;2px&#8220; button_one_letter_spacing__hover_enabled=&#8220;off&#8220; button_two_letter_spacing__hover_enabled=&#8220;off&#8220; button_bg_color__hover_enabled=&#8220;on&#8220; button_bg_color__hover=&#8220;rgba(0,0,0,0)&#8220; button_one_bg_color__hover_enabled=&#8220;off&#8220; button_two_bg_color__hover_enabled=&#8220;off&#8220; button_bg_enable_color__hover=&#8220;on&#8220; button_icon_color__hover_enabled=&#8220;off|desktop&#8220; button_icon_color__hover=&#8220;#00454D&#8220;][\/et_pb_button][\/et_pb_column][\/et_pb_row][\/et_pb_section][et_pb_section fb_built=&#8220;1&#8243; custom_padding_last_edited=&#8220;on|phone&#8220; admin_label=&#8220;Contact Form Section&#8220; module_id=&#8220;kontakt&#8220; _builder_version=&#8220;4.9.4&#8243; background_color=&#8220;rgba(0,69,77,0.29)&#8220; custom_padding=&#8220;110px||110px|&#8220; custom_padding_tablet=&#8220;&#8220; custom_padding_phone=&#8220;80px||80px||true|false&#8220; animation_style=&#8220;zoom&#8220; animation_direction=&#8220;bottom&#8220; animation_intensity_zoom=&#8220;10%&#8220; saved_tabs=&#8220;all&#8220;][et_pb_row admin_label=&#8220;Service Section Title&#8220; _builder_version=&#8220;4.9.4&#8243; custom_margin=&#8220;|auto|0px|auto|false|false&#8220; custom_padding=&#8220;||0px||false|false&#8220; animation_style=&#8220;fade&#8220; animation_direction=&#8220;top&#8220; locked=&#8220;off&#8220;][et_pb_column type=&#8220;4_4&#8243; _builder_version=&#8220;3.25&#8243; custom_padding=&#8220;|||&#8220; custom_padding__hover=&#8220;|||&#8220;][et_pb_text admin_label=&#8220;Title&#8220; _builder_version=&#8220;4.9.4&#8243; text_font=&#8220;Montserrat||||||||&#8220; text_text_color=&#8220;#747d88&#8243; text_font_size=&#8220;16px&#8220; text_line_height=&#8220;1.9em&#8220; header_font=&#8220;||||||||&#8220; header_2_font=&#8220;|700||on|||||&#8220; header_2_font_size=&#8220;42px&#8220; header_2_line_height=&#8220;1.3em&#8220; background_size=&#8220;initial&#8220; background_position=&#8220;top_left&#8220; background_repeat=&#8220;repeat&#8220; text_orientation=&#8220;center&#8220; max_width=&#8220;800px&#8220; module_alignment=&#8220;center&#8220; custom_margin=&#8220;||1px|||&#8220; animation_style=&#8220;slide&#8220; animation_direction=&#8220;bottom&#8220; animation_intensity_slide=&#8220;4%&#8220; header_2_font_size_tablet=&#8220;&#8220; header_2_font_size_phone=&#8220;28px&#8220; header_2_font_size_last_edited=&#8220;on|phone&#8220;]<h2>Env\u00edanos tu CV y PRONTO TE\u00a0<span style=\"color: #fff;\">ConTACTAREMOS<\/span><\/h2>[\/et_pb_text][\/et_pb_column][\/et_pb_row][et_pb_row column_structure=&#8220;1_2,1_2&#8243; _builder_version=&#8220;4.9.4&#8243; _module_preset=&#8220;default&#8220; max_width=&#8220;500px&#8220; module_alignment=&#8220;center&#8220;][et_pb_column type=&#8220;1_2&#8243; _builder_version=&#8220;4.9.4&#8243; _module_preset=&#8220;default&#8220;][et_pb_blurb title=&#8220;Email&#8220; use_icon=&#8220;on&#8220; font_icon=&#8220;%%238%%&#8220; use_circle=&#8220;on&#8220; circle_color=&#8220;RGBA(0,0,0,0)&#8220; use_circle_border=&#8220;on&#8220; icon_placement=&#8220;left&#8220; _builder_version=&#8220;4.9.4&#8243; _module_preset=&#8220;default&#8220; header_text_color=&#8220;#000000&#8243; header_font_size=&#8220;20px&#8220; body_text_color=&#8220;#1D1D1B&#8220; body_font_size=&#8220;16px&#8220; hover_enabled=&#8220;0&#8243; sticky_enabled=&#8220;0&#8243;]<p>info@tpf.es<\/p>[\/et_pb_blurb][\/et_pb_column][et_pb_column type=&#8220;1_2&#8243; _builder_version=&#8220;4.9.4&#8243; _module_preset=&#8220;default&#8220;][et_pb_blurb title=&#8220;Telefon&#8220; use_icon=&#8220;on&#8220; font_icon=&#8220;%%264%%&#8220; use_circle=&#8220;on&#8220; circle_color=&#8220;RGBA(0,0,0,0)&#8220; use_circle_border=&#8220;on&#8220; icon_placement=&#8220;left&#8220; _builder_version=&#8220;4.9.4&#8243; _module_preset=&#8220;default&#8220; header_text_color=&#8220;#000000&#8243; header_font_size=&#8220;20px&#8220; body_text_color=&#8220;#1D1D1B&#8220; body_font_size=&#8220;16px&#8220;]<p>+34 620 968 962<\/p>[\/et_pb_blurb][\/et_pb_column][\/et_pb_row][et_pb_row admin_label=&#8220;Contact Form&#8220; _builder_version=&#8220;4.9.4&#8243; custom_padding=&#8220;25px||||false|false&#8220; animation_style=&#8220;fade&#8220;][et_pb_column type=&#8220;4_4&#8243; _builder_version=&#8220;3.25&#8243; custom_padding=&#8220;|||&#8220; custom_padding__hover=&#8220;|||&#8220;][et_pb_text _builder_version=&#8220;4.9.4&#8243; _module_preset=&#8220;default&#8220; header_3_text_align=&#8220;center&#8220; max_width=&#8220;800px&#8220; module_alignment=&#8220;center&#8220; custom_margin=&#8220;||0px|||&#8220;]<h3>Arbeite mit uns!<\/h3>[\/et_pb_text][dsm_contact_form_7 cf7_library=&#8220;274&#8243; input_background_color=&#8220;#FFFFFF&#8220; _builder_version=&#8220;4.9.4&#8243; _module_preset=&#8220;default&#8220; labels_text_color=&#8220;#000000&#8243; input_textarea_select_text_color=&#8220;#353740&#8243; input_textarea_select_font_size=&#8220;16px&#8220; placeholder_text_color=&#8220;#353740&#8243; placeholder_font_size=&#8220;16px&#8220; custom_button_one=&#8220;on&#8220; button_one_text_color=&#8220;#ffffff&#8220; button_one_border_width=&#8220;5px&#8220; button_one_border_color=&#8220;#FFFFFF&#8220; button_one_border_radius=&#8220;100px&#8220; button_one_letter_spacing=&#8220;2px&#8220; button_one_font=&#8220;|700||on|||||&#8220; button_one_icon=&#8220;%%36%%&#8220; button_one_icon_color=&#8220;#FFFFFF&#8220; max_width=&#8220;800px&#8220; module_alignment=&#8220;center&#8220;][\/dsm_contact_form_7][et_pb_text _builder_version=&#8220;4.9.4&#8243; _module_preset=&#8220;default&#8220; text_text_color=&#8220;#353740&#8243; max_width=&#8220;800px&#8220; module_alignment=&#8220;center&#8220; custom_margin=&#8220;||10px||false|false&#8220;]<p>(*) Ben\u00f6tigte Felder<\/p>[\/et_pb_text][et_pb_toggle title=&#8220;Grundlegende Informationen zum Datenschutz&#8220; open_toggle_text_color=&#8220;#353740&#8243; icon_color=&#8220;#00454D&#8220; use_icon_font_size=&#8220;on&#8220; icon_font_size=&#8220;24px&#8220; _builder_version=&#8220;4.9.4&#8243; _module_preset=&#8220;default&#8220; title_text_color=&#8220;#353740&#8243; title_font=&#8220;Libre Franklin||||||||&#8220; title_line_height=&#8220;1.4em&#8220; max_width=&#8220;800px&#8220; module_alignment=&#8220;center&#8220;]<p><span lang=\"ES\">Sus datos ser\u00e1n tratados por\u00a0<\/span><span lang=\"ES\">TU PASAPORTE AL FUTURO,<span>\u00a0 <\/span>S.L.<span>\u00a0<\/span><\/span><span>como Responsable de Tratamiento con la finalidad de responder a su solicitud y para hacerle llegar v\u00eda e-mail informaci\u00f3n peri\u00f3dica sobre nuestros cursos de idiomas y servicios, si nos ha dado su consentimiento. Podr\u00e1 ejercer los derechos de acceso, rectificaci\u00f3n, cancelaci\u00f3n, oposici\u00f3n y en su caso de portabilidad y limitaci\u00f3n a trav\u00e9s del e-mail:\u00a0<\/span><span lang=\"ES\"><a href=\"mailto:info@tpf.es\"><span>info@tpf.es<\/span><\/a><span>.<br \/><\/span>Para m\u00e1s informaci\u00f3n visite nuestra <a href=\"https:\/\/www.tpf.es\/politica-de-privacidad\"><strong>Politica de Privacidad<\/strong><\/a>.<\/span><\/p>[\/et_pb_toggle][\/et_pb_column][\/et_pb_row][\/et_pb_section]\n","protected":false},"excerpt":{"rendered":"<p>PROFESORES DE ALEM\u00c1NSi eres un buen profesor de alem\u00e1n, te ilusiona la ense\u00f1anza y quieres ayudar a que nuestros alumnos puedan hacer realidad sus sue\u00f1os de aprender un idioma que sea su pasaporte al futuro, d\u00e9janos tu CV y nos pondremos en contacto contigo.Personas en b\u00fasqueda de empleo en AlemaniaSi est\u00e1s pensando en la opci\u00f3n [&hellip;]<\/p>\n","protected":false},"author":2,"featured_media":732,"parent":0,"menu_order":0,"comment_status":"closed","ping_status":"closed","template":"","meta":{"_bbp_topic_count":0,"_bbp_reply_count":0,"_bbp_total_topic_count":0,"_bbp_total_reply_count":0,"_bbp_voice_count":0,"_bbp_anonymous_reply_count":0,"_bbp_topic_count_hidden":0,"_bbp_reply_count_hidden":0,"_bbp_forum_subforum_count":0,"_et_pb_use_builder":"on","_et_pb_old_content":"","_et_gb_content_width":""},"_links":{"self":[{"href":"https:\/\/www.tpf.es\/de\/wp-json\/wp\/v2\/pages\/816"}],"collection":[{"href":"https:\/\/www.tpf.es\/de\/wp-json\/wp\/v2\/pages"}],"about":[{"href":"https:\/\/www.tpf.es\/de\/wp-json\/wp\/v2\/types\/page"}],"author":[{"embeddable":true,"href":"https:\/\/www.tpf.es\/de\/wp-json\/wp\/v2\/users\/2"}],"replies":[{"embeddable":true,"href":"https:\/\/www.tpf.es\/de\/wp-json\/wp\/v2\/comments?post=816"}],"version-history":[{"count":3,"href":"https:\/\/www.tpf.es\/de\/wp-json\/wp\/v2\/pages\/816\/revisions"}],"predecessor-version":[{"id":820,"href":"https:\/\/www.tpf.es\/de\/wp-json\/wp\/v2\/pages\/816\/revisions\/820"}],"wp:featuredmedia":[{"embeddable":true,"href":"https:\/\/www.tpf.es\/de\/wp-json\/wp\/v2\/media\/732"}],"wp:attachment":[{"href":"https:\/\/www.tpf.es\/de\/wp-json\/wp\/v2\/media?parent=816"}],"curies":[{"name":"wp","href":"https:\/\/api.w.org\/{rel}","templated":true}]}}